{"id":28,"date":"2018-06-18T12:33:16","date_gmt":"2018-06-18T12:33:16","guid":{"rendered":"http:\/\/www.alhaurinvistagolf.com\/?page_id=28"},"modified":"2020-10-26T09:39:03","modified_gmt":"2020-10-26T09:39:03","slug":"fotos","status":"publish","type":"page","link":"https:\/\/ipanemahomes.com\/cs\/fotos\/","title":{"rendered":"fotky"},"content":{"rendered":"<div  class=\"content_row row vc_row wpb_row  default-style fullwidth\" >\n\t\n\t<div class=\"content_row_wrapper  fullwidth\" >\n\t<div id=\"asdasd\" class=\"vc_col-sm-12 wpb_column vc_column_container\" >\n\t<div class=\"vc_column-inner\">\n\t\t<div class=\"wpb_wrapper\" >\n\t\t\t\r\n\t\t\t<div class=\"rt-gallery clearfix  grid-gallery fixed_heights nogaps\" id=\"  \"><div class=\"row clearfix\">\n\r\n\t\t\t\t\t<div class=\"col col-sm-4 col-xs-12\">\r\n\t\t\t\t\t\t<div class=\"gallery-item-holder\">\r\n\t\t\t\t\t\t\t<a id=\"lightbox-251028\" class=\"imgeffect zoom rt_lightbox\" data-gal-id=\"\" data-rel=\"rt_lightbox\" title=\"Zv\u011bt\u0161it obr\u00e1zek\" data-title=\"cala_1\" data-sub-html=\"\" data-src=\"\" data-width=\"\" data-height=\"\" data-poster=\"\" data-autoplay=\"\" data-audiotitle=\"\" data-download-url=\"false\" href=\"https:\/\/ipanemahomes.com\/wp-content\/uploads\/2020\/10\/cala_1.jpg\"><div class=\"image-thumbnail\"><img decoding=\"async\" src=\"https:\/\/ipanemahomes.com\/wp-content\/uploads\/2020\/10\/cala_1-483x358.jpg\" alt=\"\"><\/div><\/a>\r\n\t\t\t\t\t\t<\/div>\r\n\t\t\t\t\t<\/div>\r\n\t\t\t\t\t<div class=\"col col-sm-4 col-xs-12\">\r\n\t\t\t\t\t\t<div class=\"gallery-item-holder\">\r\n\t\t\t\t\t\t\t<a id=\"lightbox-554718\" class=\"imgeffect zoom rt_lightbox\" data-gal-id=\"\" data-rel=\"rt_lightbox\" title=\"Zv\u011bt\u0161it obr\u00e1zek\" data-title=\"cala_2\" data-sub-html=\"\" data-src=\"\" data-width=\"\" data-height=\"\" data-poster=\"\" data-autoplay=\"\" data-audiotitle=\"\" data-download-url=\"false\" href=\"https:\/\/ipanemahomes.com\/wp-content\/uploads\/2020\/10\/cala_2.jpg\"><div class=\"image-thumbnail\"><img decoding=\"async\" src=\"https:\/\/ipanemahomes.com\/wp-content\/uploads\/2020\/10\/cala_2-483x358.jpg\" alt=\"\"><\/div><\/a>\r\n\t\t\t\t\t\t<\/div>\r\n\t\t\t\t\t<\/div>\r\n\t\t\t\t\t<div class=\"col col-sm-4 col-xs-12\">\r\n\t\t\t\t\t\t<div class=\"gallery-item-holder\">\r\n\t\t\t\t\t\t\t<a id=\"lightbox-191471\" class=\"imgeffect zoom rt_lightbox\" data-gal-id=\"\" data-rel=\"rt_lightbox\" title=\"Zv\u011bt\u0161it obr\u00e1zek\" data-title=\"cala_5\" data-sub-html=\"\" data-src=\"\" data-width=\"\" data-height=\"\" data-poster=\"\" data-autoplay=\"\" data-audiotitle=\"\" data-download-url=\"false\" href=\"https:\/\/ipanemahomes.com\/wp-content\/uploads\/2020\/10\/cala_5.jpg\"><div class=\"image-thumbnail\"><img decoding=\"async\" src=\"https:\/\/ipanemahomes.com\/wp-content\/uploads\/2020\/10\/cala_5-483x358.jpg\" alt=\"\"><\/div><\/a>\r\n\t\t\t\t\t\t<\/div>\r\n\t\t\t\t\t<\/div><\/div>\n<div class=\"row clearfix\">\n\r\n\t\t\t\t\t<div class=\"col col-sm-4 col-xs-12\">\r\n\t\t\t\t\t\t<div class=\"gallery-item-holder\">\r\n\t\t\t\t\t\t\t<a id=\"lightbox-908152\" class=\"imgeffect zoom rt_lightbox\" data-gal-id=\"\" data-rel=\"rt_lightbox\" title=\"Zv\u011bt\u0161it obr\u00e1zek\" data-title=\"cala_6\" data-sub-html=\"\" data-src=\"\" data-width=\"\" data-height=\"\" data-poster=\"\" data-autoplay=\"\" data-audiotitle=\"\" data-download-url=\"false\" href=\"https:\/\/ipanemahomes.com\/wp-content\/uploads\/2020\/10\/cala_6.jpg\"><div class=\"image-thumbnail\"><img decoding=\"async\" src=\"https:\/\/ipanemahomes.com\/wp-content\/uploads\/2020\/10\/cala_6-483x358.jpg\" alt=\"\"><\/div><\/a>\r\n\t\t\t\t\t\t<\/div>\r\n\t\t\t\t\t<\/div>\r\n\t\t\t\t\t<div class=\"col col-sm-4 col-xs-12\">\r\n\t\t\t\t\t\t<div class=\"gallery-item-holder\">\r\n\t\t\t\t\t\t\t<a id=\"lightbox-499100\" class=\"imgeffect zoom rt_lightbox\" data-gal-id=\"\" data-rel=\"rt_lightbox\" title=\"Zv\u011bt\u0161it obr\u00e1zek\" data-title=\"cala_4\" data-sub-html=\"\" data-src=\"\" data-width=\"\" data-height=\"\" data-poster=\"\" data-autoplay=\"\" data-audiotitle=\"\" data-download-url=\"false\" href=\"https:\/\/ipanemahomes.com\/wp-content\/uploads\/2020\/10\/cala_4.jpg\"><div class=\"image-thumbnail\"><img decoding=\"async\" src=\"https:\/\/ipanemahomes.com\/wp-content\/uploads\/2020\/10\/cala_4-483x358.jpg\" alt=\"\"><\/div><\/a>\r\n\t\t\t\t\t\t<\/div>\r\n\t\t\t\t\t<\/div>\r\n\t\t\t\t\t<div class=\"col col-sm-4 col-xs-12\">\r\n\t\t\t\t\t\t<div class=\"gallery-item-holder\">\r\n\t\t\t\t\t\t\t<a id=\"lightbox-671475\" class=\"imgeffect zoom rt_lightbox\" data-gal-id=\"\" data-rel=\"rt_lightbox\" title=\"Zv\u011bt\u0161it obr\u00e1zek\" data-title=\"cala_3\" data-sub-html=\"\" data-src=\"\" data-width=\"\" data-height=\"\" data-poster=\"\" data-autoplay=\"\" data-audiotitle=\"\" data-download-url=\"false\" href=\"https:\/\/ipanemahomes.com\/wp-content\/uploads\/2020\/10\/cala_3.jpg\"><div class=\"image-thumbnail\"><img decoding=\"async\" src=\"https:\/\/ipanemahomes.com\/wp-content\/uploads\/2020\/10\/cala_3-483x358.jpg\" alt=\"\"><\/div><\/a>\r\n\t\t\t\t\t\t<\/div>\r\n\t\t\t\t\t<\/div><\/div>\n<div class=\"row clearfix\">\n\r\n\t\t\t\t\t<div class=\"col col-sm-4 col-xs-12\">\r\n\t\t\t\t\t\t<div class=\"gallery-item-holder\">\r\n\t\t\t\t\t\t\t<a id=\"lightbox-799279\" class=\"imgeffect zoom rt_lightbox\" data-gal-id=\"\" data-rel=\"rt_lightbox\" title=\"Zv\u011bt\u0161it obr\u00e1zek\" data-title=\"cala_7\" data-sub-html=\"\" data-src=\"\" data-width=\"\" data-height=\"\" data-poster=\"\" data-autoplay=\"\" data-audiotitle=\"\" data-download-url=\"false\" href=\"https:\/\/ipanemahomes.com\/wp-content\/uploads\/2020\/10\/cala_7.jpg\"><div class=\"image-thumbnail\"><img decoding=\"async\" src=\"https:\/\/ipanemahomes.com\/wp-content\/uploads\/2020\/10\/cala_7-483x358.jpg\" alt=\"\"><\/div><\/a>\r\n\t\t\t\t\t\t<\/div>\r\n\t\t\t\t\t<\/div>\r\n\t\t\t\t\t<div class=\"col col-sm-4 col-xs-12\">\r\n\t\t\t\t\t\t<div class=\"gallery-item-holder\">\r\n\t\t\t\t\t\t\t<a id=\"lightbox-341879\" class=\"imgeffect zoom rt_lightbox\" data-gal-id=\"\" data-rel=\"rt_lightbox\" title=\"Zv\u011bt\u0161it obr\u00e1zek\" data-title=\"cala_8\" data-sub-html=\"\" data-src=\"\" data-width=\"\" data-height=\"\" data-poster=\"\" data-autoplay=\"\" data-audiotitle=\"\" data-download-url=\"false\" href=\"https:\/\/ipanemahomes.com\/wp-content\/uploads\/2020\/10\/cala_8.jpg\"><div class=\"image-thumbnail\"><img decoding=\"async\" src=\"https:\/\/ipanemahomes.com\/wp-content\/uploads\/2020\/10\/cala_8-483x358.jpg\" alt=\"\"><\/div><\/a>\r\n\t\t\t\t\t\t<\/div>\r\n\t\t\t\t\t<\/div>\r\n\t\t\t\t\t<div class=\"col col-sm-4 col-xs-12\">\r\n\t\t\t\t\t\t<div class=\"gallery-item-holder\">\r\n\t\t\t\t\t\t\t<a id=\"lightbox-940876\" class=\"imgeffect zoom rt_lightbox\" data-gal-id=\"\" data-rel=\"rt_lightbox\" title=\"Zv\u011bt\u0161it obr\u00e1zek\" data-title=\"cala_11\" data-sub-html=\"\" data-src=\"\" data-width=\"\" data-height=\"\" data-poster=\"\" data-autoplay=\"\" data-audiotitle=\"\" data-download-url=\"false\" href=\"https:\/\/ipanemahomes.com\/wp-content\/uploads\/2020\/10\/cala_11.jpg\"><div class=\"image-thumbnail\"><img decoding=\"async\" src=\"https:\/\/ipanemahomes.com\/wp-content\/uploads\/2020\/10\/cala_11-483x358.jpg\" alt=\"\"><\/div><\/a>\r\n\t\t\t\t\t\t<\/div>\r\n\t\t\t\t\t<\/div><\/div>\n<div class=\"row clearfix\">\n\r\n\t\t\t\t\t<div class=\"col col-sm-4 col-xs-12\">\r\n\t\t\t\t\t\t<div class=\"gallery-item-holder\">\r\n\t\t\t\t\t\t\t<a id=\"lightbox-338410\" class=\"imgeffect zoom rt_lightbox\" data-gal-id=\"\" data-rel=\"rt_lightbox\" title=\"Zv\u011bt\u0161it obr\u00e1zek\" data-title=\"cala_12\" data-sub-html=\"\" data-src=\"\" data-width=\"\" data-height=\"\" data-poster=\"\" data-autoplay=\"\" data-audiotitle=\"\" data-download-url=\"false\" href=\"https:\/\/ipanemahomes.com\/wp-content\/uploads\/2020\/10\/cala_12.jpg\"><div class=\"image-thumbnail\"><img decoding=\"async\" src=\"https:\/\/ipanemahomes.com\/wp-content\/uploads\/2020\/10\/cala_12-483x358.jpg\" alt=\"\"><\/div><\/a>\r\n\t\t\t\t\t\t<\/div>\r\n\t\t\t\t\t<\/div>\r\n\t\t\t\t\t<div class=\"col col-sm-4 col-xs-12\">\r\n\t\t\t\t\t\t<div class=\"gallery-item-holder\">\r\n\t\t\t\t\t\t\t<a id=\"lightbox-660265\" class=\"imgeffect zoom rt_lightbox\" data-gal-id=\"\" data-rel=\"rt_lightbox\" title=\"Zv\u011bt\u0161it obr\u00e1zek\" data-title=\"cala_13\" data-sub-html=\"\" data-src=\"\" data-width=\"\" data-height=\"\" data-poster=\"\" data-autoplay=\"\" data-audiotitle=\"\" data-download-url=\"false\" href=\"https:\/\/ipanemahomes.com\/wp-content\/uploads\/2020\/10\/cala_13.jpg\"><div class=\"image-thumbnail\"><img decoding=\"async\" src=\"https:\/\/ipanemahomes.com\/wp-content\/uploads\/2020\/10\/cala_13-483x358.jpg\" alt=\"\"><\/div><\/a>\r\n\t\t\t\t\t\t<\/div>\r\n\t\t\t\t\t<\/div>\r\n\t\t\t\t\t<div class=\"col col-sm-4 col-xs-12\">\r\n\t\t\t\t\t\t<div class=\"gallery-item-holder\">\r\n\t\t\t\t\t\t\t<a id=\"lightbox-607721\" class=\"imgeffect zoom rt_lightbox\" data-gal-id=\"\" data-rel=\"rt_lightbox\" title=\"Zv\u011bt\u0161it obr\u00e1zek\" data-title=\"cala_14\" data-sub-html=\"\" data-src=\"\" data-width=\"\" data-height=\"\" data-poster=\"\" data-autoplay=\"\" data-audiotitle=\"\" data-download-url=\"false\" href=\"https:\/\/ipanemahomes.com\/wp-content\/uploads\/2020\/10\/cala_14.jpg\"><div class=\"image-thumbnail\"><img decoding=\"async\" src=\"https:\/\/ipanemahomes.com\/wp-content\/uploads\/2020\/10\/cala_14-483x358.jpg\" alt=\"\"><\/div><\/a>\r\n\t\t\t\t\t\t<\/div>\r\n\t\t\t\t\t<\/div><\/div>\n<div class=\"row clearfix\">\n\r\n\t\t\t\t\t<div class=\"col col-sm-4 col-xs-12\">\r\n\t\t\t\t\t\t<div class=\"gallery-item-holder\">\r\n\t\t\t\t\t\t\t<a id=\"lightbox-521177\" class=\"imgeffect zoom rt_lightbox\" data-gal-id=\"\" data-rel=\"rt_lightbox\" title=\"Zv\u011bt\u0161it obr\u00e1zek\" data-title=\"cala_15\" data-sub-html=\"\" data-src=\"\" data-width=\"\" data-height=\"\" data-poster=\"\" data-autoplay=\"\" data-audiotitle=\"\" data-download-url=\"false\" href=\"https:\/\/ipanemahomes.com\/wp-content\/uploads\/2020\/10\/cala_15.jpg\"><div class=\"image-thumbnail\"><img decoding=\"async\" src=\"https:\/\/ipanemahomes.com\/wp-content\/uploads\/2020\/10\/cala_15-483x358.jpg\" alt=\"\"><\/div><\/a>\r\n\t\t\t\t\t\t<\/div>\r\n\t\t\t\t\t<\/div>\r\n\t\t\t\t\t<div class=\"col col-sm-4 col-xs-12\">\r\n\t\t\t\t\t\t<div class=\"gallery-item-holder\">\r\n\t\t\t\t\t\t\t<a id=\"lightbox-120036\" class=\"imgeffect zoom rt_lightbox\" data-gal-id=\"\" data-rel=\"rt_lightbox\" title=\"Zv\u011bt\u0161it obr\u00e1zek\" data-title=\"cala_16\" data-sub-html=\"\" data-src=\"\" data-width=\"\" data-height=\"\" data-poster=\"\" data-autoplay=\"\" data-audiotitle=\"\" data-download-url=\"false\" href=\"https:\/\/ipanemahomes.com\/wp-content\/uploads\/2020\/10\/cala_16.jpg\"><div class=\"image-thumbnail\"><img decoding=\"async\" src=\"https:\/\/ipanemahomes.com\/wp-content\/uploads\/2020\/10\/cala_16-483x358.jpg\" alt=\"\"><\/div><\/a>\r\n\t\t\t\t\t\t<\/div>\r\n\t\t\t\t\t<\/div>\r\n\t\t\t\t\t<div class=\"col col-sm-4 col-xs-12\">\r\n\t\t\t\t\t\t<div class=\"gallery-item-holder\">\r\n\t\t\t\t\t\t\t<a id=\"lightbox-697394\" class=\"imgeffect zoom rt_lightbox\" data-gal-id=\"\" data-rel=\"rt_lightbox\" title=\"Zv\u011bt\u0161it obr\u00e1zek\" data-title=\"cala_17\" data-sub-html=\"\" data-src=\"\" data-width=\"\" data-height=\"\" data-poster=\"\" data-autoplay=\"\" data-audiotitle=\"\" data-download-url=\"false\" href=\"https:\/\/ipanemahomes.com\/wp-content\/uploads\/2020\/10\/cala_17.jpg\"><div class=\"image-thumbnail\"><img decoding=\"async\" src=\"https:\/\/ipanemahomes.com\/wp-content\/uploads\/2020\/10\/cala_17-483x358.jpg\" alt=\"\"><\/div><\/a>\r\n\t\t\t\t\t\t<\/div>\r\n\t\t\t\t\t<\/div><\/div>\n<div class=\"row clearfix\">\n\r\n\t\t\t\t\t<div class=\"col col-sm-4 col-xs-12\">\r\n\t\t\t\t\t\t<div class=\"gallery-item-holder\">\r\n\t\t\t\t\t\t\t<a id=\"lightbox-560034\" class=\"imgeffect zoom rt_lightbox\" data-gal-id=\"\" data-rel=\"rt_lightbox\" title=\"Zv\u011bt\u0161it obr\u00e1zek\" data-title=\"cala_18\" data-sub-html=\"\" data-src=\"\" data-width=\"\" data-height=\"\" data-poster=\"\" data-autoplay=\"\" data-audiotitle=\"\" data-download-url=\"false\" href=\"https:\/\/ipanemahomes.com\/wp-content\/uploads\/2020\/10\/cala_18.jpg\"><div class=\"image-thumbnail\"><img decoding=\"async\" src=\"https:\/\/ipanemahomes.com\/wp-content\/uploads\/2020\/10\/cala_18-483x358.jpg\" alt=\"\"><\/div><\/a>\r\n\t\t\t\t\t\t<\/div>\r\n\t\t\t\t\t<\/div>\r\n\t\t\t\t\t<div class=\"col col-sm-4 col-xs-12\">\r\n\t\t\t\t\t\t<div class=\"gallery-item-holder\">\r\n\t\t\t\t\t\t\t<a id=\"lightbox-909774\" class=\"imgeffect zoom rt_lightbox\" data-gal-id=\"\" data-rel=\"rt_lightbox\" title=\"Zv\u011bt\u0161it obr\u00e1zek\" data-title=\"cala_9\" data-sub-html=\"\" data-src=\"\" data-width=\"\" data-height=\"\" data-poster=\"\" data-autoplay=\"\" data-audiotitle=\"\" data-download-url=\"false\" href=\"https:\/\/ipanemahomes.com\/wp-content\/uploads\/2020\/10\/cala_9.jpg\"><div class=\"image-thumbnail\"><img decoding=\"async\" src=\"https:\/\/ipanemahomes.com\/wp-content\/uploads\/2020\/10\/cala_9-483x358.jpg\" alt=\"\"><\/div><\/a>\r\n\t\t\t\t\t\t<\/div>\r\n\t\t\t\t\t<\/div>\r\n\t\t\t\t\t<div class=\"col col-sm-4 col-xs-12\">\r\n\t\t\t\t\t\t<div class=\"gallery-item-holder\">\r\n\t\t\t\t\t\t\t<a id=\"lightbox-745626\" class=\"imgeffect zoom rt_lightbox\" data-gal-id=\"\" data-rel=\"rt_lightbox\" title=\"Zv\u011bt\u0161it obr\u00e1zek\" data-title=\"cala_10\" data-sub-html=\"\" data-src=\"\" data-width=\"\" data-height=\"\" data-poster=\"\" data-autoplay=\"\" data-audiotitle=\"\" data-download-url=\"false\" href=\"https:\/\/ipanemahomes.com\/wp-content\/uploads\/2020\/10\/cala_10.jpg\"><div class=\"image-thumbnail\"><img decoding=\"async\" src=\"https:\/\/ipanemahomes.com\/wp-content\/uploads\/2020\/10\/cala_10-483x358.jpg\" alt=\"\"><\/div><\/a>\r\n\t\t\t\t\t\t<\/div>\r\n\t\t\t\t\t<\/div><\/div>\n<\/div> \r\n\t\t\n\t\t<\/div>\n\t<\/div>\n\t<\/div>\n\n<\/div>\n<\/div>","protected":false},"excerpt":{"rendered":"<p>&#8230; <a class=\"more-link\" href=\"https:\/\/ipanemahomes.com\/cs\/fotos\/\">pokra\u010dovat ve \u010dten\u00ed<\/a><\/p>","protected":false},"author":1,"featured_media":0,"parent":0,"menu_order":0,"comment_status":"closed","ping_status":"closed","template":"","meta":{"footnotes":""},"class_list":["post-28","page","type-page","status-publish","hentry"],"_links":{"self":[{"href":"https:\/\/ipanemahomes.com\/cs\/wp-json\/wp\/v2\/pages\/28","targetHints":{"allow":["GET"]}}],"collection":[{"href":"https:\/\/ipanemahomes.com\/cs\/wp-json\/wp\/v2\/pages"}],"about":[{"href":"https:\/\/ipanemahomes.com\/cs\/wp-json\/wp\/v2\/types\/page"}],"author":[{"embeddable":true,"href":"https:\/\/ipanemahomes.com\/cs\/wp-json\/wp\/v2\/users\/1"}],"replies":[{"embeddable":true,"href":"https:\/\/ipanemahomes.com\/cs\/wp-json\/wp\/v2\/comments?post=28"}],"version-history":[{"count":27,"href":"https:\/\/ipanemahomes.com\/cs\/wp-json\/wp\/v2\/pages\/28\/revisions"}],"predecessor-version":[{"id":3266,"href":"https:\/\/ipanemahomes.com\/cs\/wp-json\/wp\/v2\/pages\/28\/revisions\/3266"}],"wp:attachment":[{"href":"https:\/\/ipanemahomes.com\/cs\/wp-json\/wp\/v2\/media?parent=28"}],"curies":[{"name":"wp","href":"https:\/\/api.w.org\/{rel}","templated":true}]}}