{"id":26,"date":"2018-06-18T12:35:33","date_gmt":"2018-06-18T12:35:33","guid":{"rendered":"http:\/\/www.alhaurinvistagolf.com\/?page_id=26"},"modified":"2025-10-06T14:06:56","modified_gmt":"2025-10-06T14:06:56","slug":"het-complex","status":"publish","type":"page","link":"https:\/\/ipanemahomes.com\/cs\/het-complex\/","title":{"rendered":"Komplex"},"content":{"rendered":"<div  class=\"content_row row vc_row wpb_row  default-style fullwidth\" >\n\t\n\t<div class=\"content_row_wrapper  default\" >\n\t<div id=\"asdasd\" class=\"vc_col-sm-12 wpb_column vc_column_container\" >\n\t<div class=\"vc_column-inner\">\n\t\t<div class=\"wpb_wrapper\" >\n\t\t\t<div class=\"wpb_revslider_element wpb_content_element\">\n<div id=\"rev_slider_6_1_wrapper\" class=\"rev_slider_wrapper fullwidthbanner-container\" data-source=\"gallery\" style=\"margin:0px auto;background:transparent;padding:0px;margin-top:0px;margin-bottom:0px;\">\n<!-- START REVOLUTION SLIDER 5.4.7.3 fullwidth mode -->\n\t<div id=\"rev_slider_6_1\" class=\"rev_slider fullwidthabanner\" style=\"display:none;\" data-version=\"5.4.7.3\">\n<ul>\t<!-- SLIDE  -->\n\t<li data-index=\"rs-8\" data-transition=\"fade\" data-slotamount=\"default\" data-hideafterloop=\"0\" data-hideslideonmobile=\"off\"  data-easein=\"default\" data-easeout=\"default\" data-masterspeed=\"300\"  data-rotate=\"0\"  data-saveperformance=\"off\"  data-ssop=\"true\"  data-title=\"Slide\" data-param1=\"\" data-param2=\"\" data-param3=\"\" data-param4=\"\" data-param5=\"\" data-param6=\"\" data-param7=\"\" data-param8=\"\" data-param9=\"\" data-param10=\"\" data-description=\"\">\n\t\t<!-- MAIN IMAGE -->\n\t\t<img decoding=\"async\" src=\"https:\/\/ipanemahomes.com\/wp-content\/plugins\/revslider\/admin\/assets\/images\/transparent.png\"  alt=\"\" title=\"Het Complex\"  data-bgposition=\"center center\" data-bgfit=\"cover\" data-bgrepeat=\"no-repeat\" class=\"rev-slidebg\" data-no-retina>\n\t\t<!-- LAYERS -->\n\n\t\t<!-- LAYER NR. 1 -->\n\t\t<div class=\"tp-caption   tp-resizeme\" \n\t\t\t id=\"slide-8-layer-13\" \n\t\t\t data-x=\"-102\" \n\t\t\t data-y=\"-1\" \n\t\t\t\t\t\tdata-width=\"['none','none','none','none']\"\n\t\t\tdata-height=\"['none','none','none','none']\"\n \n\t\t\tdata-type=\"image\" \n\t\t\tdata-responsive_offset=\"on\" \n\n\t\t\tdata-frames='[{\"delay\":0,\"speed\":300,\"frame\":\"0\",\"from\":\"opacity:0;\",\"to\":\"o:1;\",\"ease\":\"Power3.easeInOut\"},{\"delay\":\"wait\",\"speed\":300,\"frame\":\"999\",\"to\":\"opacity:0;\",\"ease\":\"Power3.easeInOut\"}]'\n\t\t\tdata-textAlign=\"['inherit','inherit','inherit','inherit']\"\n\t\t\tdata-paddingtop=\"[0,0,0,0]\"\n\t\t\tdata-paddingright=\"[0,0,0,0]\"\n\t\t\tdata-paddingbottom=\"[0,0,0,0]\"\n\t\t\tdata-paddingleft=\"[0,0,0,0]\"\n\n\t\t\tstyle=\"z-index: 6;\"><img loading=\"lazy\" decoding=\"async\" src=\"https:\/\/ipanemahomes.com\/wp-content\/uploads\/2020\/10\/header_la_cala_complex.jpg\" alt=\"\" data-ww=\"1447px\" data-hh=\"466px\" width=\"1447\" height=\"466\" data-no-retina> <\/div>\n\t<\/li>\n<\/ul>\n<div class=\"tp-bannertimer tp-bottom\" style=\"visibility: hidden !important;\"><\/div>\t<\/div>\n<script>var htmlDiv = document.getElementById(\"rs-plugin-settings-inline-css\"); var htmlDivCss=\"\";\r\n\t\t\t\tif(htmlDiv) {\r\n\t\t\t\t\thtmlDiv.innerHTML = htmlDiv.innerHTML + htmlDivCss;\r\n\t\t\t\t}else{\r\n\t\t\t\t\tvar htmlDiv = document.createElement(\"div\");\r\n\t\t\t\t\thtmlDiv.innerHTML = \"<style>\" + htmlDivCss + \"<\/style>\";\r\n\t\t\t\t\tdocument.getElementsByTagName(\"head\")[0].appendChild(htmlDiv.childNodes[0]);\r\n\t\t\t\t}\r\n\t\t\t<\/script>\n\t\t<script type=\"text\/javascript\">\r\nif (setREVStartSize!==undefined) setREVStartSize(\r\n\t{c: '#rev_slider_6_1', gridwidth: [1240], gridheight: [464], sliderLayout: 'fullwidth'});\r\n\t\t\t\r\nvar revapi6,\r\n\ttpj;\t\r\n(function() {\t\t\t\r\n\tif (!\/loaded|interactive|complete\/.test(document.readyState)) document.addEventListener(\"DOMContentLoaded\",onLoad); else onLoad();\t\r\n\tfunction onLoad() {\t\t\t\t\r\n\t\tif (tpj===undefined) { tpj = jQuery; if(\"off\" == \"on\") tpj.noConflict();}\r\n\tif(tpj(\"#rev_slider_6_1\").revolution == undefined){\n\t\trevslider_showDoubleJqueryError(\"#rev_slider_6_1\");\n\t}else{\n\t\trevapi6 = tpj(\"#rev_slider_6_1\").show().revolution({\n\t\t\tsliderType:\"standard\",\n\t\t\tjsFileLocation:\"\/\/ipanemahomes.com\/wp-content\/plugins\/revslider\/public\/assets\/js\/\",\n\t\t\tsliderLayout:\"fullwidth\",\n\t\t\tdottedOverlay:\"none\",\n\t\t\tdelay:6000,\n\t\t\tnavigation: {\n\t\t\t\tonHoverStop:\"off\",\n\t\t\t},\n\t\t\tvisibilityLevels:[1240,1024,778,480],\n\t\t\tgridwidth:1240,\n\t\t\tgridheight:464,\n\t\t\tlazyType:\"none\",\n\t\t\tshadow:0,\n\t\t\tspinner:\"spinner0\",\n\t\t\tstopLoop:\"off\",\n\t\t\tstopAfterLoops:-1,\n\t\t\tstopAtSlide:-1,\n\t\t\tshuffle:\"off\",\n\t\t\tautoHeight:\"off\",\n\t\t\tdisableProgressBar:\"on\",\n\t\t\thideThumbsOnMobile:\"off\",\n\t\t\thideSliderAtLimit:0,\n\t\t\thideCaptionAtLimit:0,\n\t\t\thideAllCaptionAtLilmit:0,\n\t\t\tdebugMode:false,\n\t\t\tfallbacks: {\n\t\t\t\tsimplifyAll:\"off\",\n\t\t\t\tnextSlideOnWindowFocus:\"off\",\n\t\t\t\tdisableFocusListener:false,\n\t\t\t}\n\t\t});\n\t}; \/* END OF revapi call *\/\n\t\n }; \/* END OF ON LOAD FUNCTION *\/\r\n}()); \/* END OF WRAPPING FUNCTION *\/\r\n<\/script>\r\n\t\t<\/div><!-- END REVOLUTION SLIDER --><\/div>\n\t\t<\/div>\n\t<\/div>\n\t<\/div>\n\n<\/div>\n<\/div>\n\n<div  class=\"content_row row vc_row wpb_row  default-style fullwidth\" >\n\t\n\t<div class=\"content_row_wrapper  default\" >\n\t<div id=\"asdasd\" class=\"vc_col-sm-12 wpb_column vc_column_container\" >\n\t<div class=\"vc_column-inner\">\n\t\t<div class=\"wpb_wrapper\" >\n\t\t\t\n\t<div class=\"wpb_text_column wpb_content_element \" >\n\t\t<div class=\"wpb_wrapper\">\n\t\t\t<p><strong><em>Het complex Ipanema Homes &#8211; RELAX ENJOY LIVE<\/em><\/strong><\/p>\n<p>Ipanema Homes is een hoogwaardig, zeer innovatief en eigentijds wooncomplex aan de Calanova Golfbaan.\u00a0Ontworpen om optimaal te kunnen genieten van de Costa del Sol lifestyle, biedt Ipanema Homes een hoogwaardige afwerking van de woningen en alle hedendaagse recreatieve voorzieningen. Gebouwd onder een zeer moderne architectuur op een centrale locatie met uitzicht over de Middellandse Zee, de Calanova Golfbaan en de glooiende heuvels.<\/p>\n<p>Smaakvol ingedeelde en prachtig aangelegde tuinen geven dit complex een intieme en elegante uitstraling. Het complex beschikt over twee buitenzwembaden, waaronder een strand- en lagune zwembad, beide omringd door ruime gazons en bloeiende tuinen. Deze zwembaden spelen een belangrijke rol bij het cre\u00ebren van een omgeving waarin het architectonische ontwerp van Ipanema Homes tot zijn recht kan komen, en zijn de eye-catcher die de toon zet voor de lifestyle hier.<\/p>\n<p>De paden leiden u via de bloeiende tuinen naar de verschillende faciliteiten op het complex zoals een professionele, volledig uitgeruste gymzaal, een priv\u00e9-spa met verwarmd binnenzwembad, sauna en stoombad. Door het comfort en de privacy van thuis te combineren met de hoogwaardige voorzieningen op het resort, zet Ipanema Homes de toon voor een high quality lifestyle aan de Costa del Sol.<\/p>\n<p><span style=\"font-weight: 400;\">Kortom, dit fantastische complex Ipanema Homes is ontworpen om te wonen, ontspannen en te genieten onder de meest ideale omstandigheden &#8211; RELAX ENJOY LIVE.<\/span><\/p>\n<p>De tijdloze penthouses en appartementen beschikken over 2 of 3 slaapkamers en 2 badkamers. De woningen zijn ingedeeld in blokken van maximaal 4 verdiepingen, waarin de vakkundige architectonische vormgeving tot uiting komt. Elke woning is net iets anders geori\u00ebnteerd en gepositioneerd. Met voldoende ruimte en veel groen om een gevoel van eenheid, en tegelijkertijd ook een eigen identiteit en privacy te cre\u00ebren. U kunt kiezen uit appartementen met een tuin, een eerste of tweede verdieping appartement met terras of voor de ruime penthouses met een terras rondom de woning.<\/p>\n\n\t\t<\/div>\n\t<\/div>\n<div class=\"vc_btn3-container  photo-button vc_btn3-center\" ><a style=\"background-color:#bbaa85; color:#ffffff;\" class=\"vc_general vc_btn3 vc_btn3-size-lg vc_btn3-shape-square vc_btn3-style-custom\" href=\"https:\/\/ipanemahomes.com\/meer-info\/\" title=\"Meer Info\">MEER INFO<\/a><\/div>\n\t<div class=\"wpb_text_column wpb_content_element \" >\n\t\t<div class=\"wpb_wrapper\">\n\t\t\t<p><strong>Standaard inbegrepen faciliteiten zijn:<\/strong><\/p>\n<ul>\n<li style=\"font-weight: 400;\"><span style=\"font-weight: 400;\">Volledig uitgeruste keuken<\/span><\/li>\n<li style=\"font-weight: 400;\">Volledig ingerichte badkamer<\/li>\n<li style=\"font-weight: 400;\"><span style=\"font-weight: 400;\">Parkeerplaatsen<\/span><\/li>\n<li style=\"font-weight: 400;\"><span style=\"font-weight: 400;\">Bergingen<\/span><\/li>\n<li>Dubbele beglazing<\/li>\n<li>Badkamer ensuite<\/li>\n<\/ul>\n<p><em>Optionele extra inbegrepen faciliteiten zijn:<\/em><\/p>\n<ul>\n<li style=\"font-weight: 400;\">Gemeenschappelijke fitnessruimte<\/li>\n<li>Twee buitenzwembaden<\/li>\n<li>Priv\u00e9-spa met verwarmd binnenzwembad<\/li>\n<li>Sauna<\/li>\n<li>Stoombad<\/li>\n<li>Bloeiende tuinen<\/li>\n<\/ul>\n<p>&nbsp;<\/p>\n<ul>\n<li>2 slaapkamer, 2 badkamer appartementen vanaf UITVERKOCHT!<\/li>\n<li>3 slaapkamer, 2 badkamer appartementen UITVERKOCHT!<\/li>\n<li>2 slaapkamer, 2 badkamer penthouses UITVERKOCHT!<\/li>\n<li>3 slaapkamer, 2 badkamer penthouses UITVERKOCHT!<\/li>\n<\/ul>\n<p><em>Alleen nog RE-SALES beschikbaar. <a href=\"https:\/\/ipanemahomes.com\/meer-info\/\"><strong>Vraag re-sales lijst op &gt;&gt;&gt;<\/strong><\/a><\/em><\/p>\n\n\t\t<\/div>\n\t<\/div>\n<div class=\"vc_btn3-container  photo-button vc_btn3-center\" ><a style=\"background-color:#bbaa85; color:#ffffff;\" class=\"vc_general vc_btn3 vc_btn3-size-lg vc_btn3-shape-square vc_btn3-style-custom\" href=\"https:\/\/ipanemahomes.com\/meer-info\/\" title=\"Meer Info\">MEER INFO<\/a><\/div>\n\t\t<\/div>\n\t<\/div>\n\t<\/div>\n\n<\/div>\n<\/div>\n","protected":false},"excerpt":{"rendered":"<p>&#8230; <a class=\"more-link\" href=\"https:\/\/ipanemahomes.com\/cs\/het-complex\/\">pokra\u010dovat ve \u010dten\u00ed<\/a><\/p>","protected":false},"author":1,"featured_media":0,"parent":0,"menu_order":0,"comment_status":"closed","ping_status":"closed","template":"","meta":{"footnotes":""},"class_list":["post-26","page","type-page","status-publish","hentry"],"_links":{"self":[{"href":"https:\/\/ipanemahomes.com\/cs\/wp-json\/wp\/v2\/pages\/26","targetHints":{"allow":["GET"]}}],"collection":[{"href":"https:\/\/ipanemahomes.com\/cs\/wp-json\/wp\/v2\/pages"}],"about":[{"href":"https:\/\/ipanemahomes.com\/cs\/wp-json\/wp\/v2\/types\/page"}],"author":[{"embeddable":true,"href":"https:\/\/ipanemahomes.com\/cs\/wp-json\/wp\/v2\/users\/1"}],"replies":[{"embeddable":true,"href":"https:\/\/ipanemahomes.com\/cs\/wp-json\/wp\/v2\/comments?post=26"}],"version-history":[{"count":34,"href":"https:\/\/ipanemahomes.com\/cs\/wp-json\/wp\/v2\/pages\/26\/revisions"}],"predecessor-version":[{"id":3354,"href":"https:\/\/ipanemahomes.com\/cs\/wp-json\/wp\/v2\/pages\/26\/revisions\/3354"}],"wp:attachment":[{"href":"https:\/\/ipanemahomes.com\/cs\/wp-json\/wp\/v2\/media?parent=26"}],"curies":[{"name":"wp","href":"https:\/\/api.w.org\/{rel}","templated":true}]}}